{"id":23,"date":"2020-11-18T12:56:36","date_gmt":"2020-11-18T11:56:36","guid":{"rendered":"https:\/\/filigranbutuci.hr\/?page_id=23"},"modified":"2021-04-02T21:03:47","modified_gmt":"2021-04-02T20:03:47","slug":"about","status":"publish","type":"page","link":"https:\/\/filigranbutuci.hr\/hr\/about\/","title":{"rendered":"O nama"},"content":{"rendered":"<div data-elementor-type=\"wp-page\" data-elementor-id=\"23\" class=\"elementor elementor-23\">\n\t\t\t\t\t\t<section class=\"elementor-section elementor-top-section elementor-element elementor-element-6a7d7e0 elementor-section-boxed elementor-section-height-default elementor-section-height-default\" data-id=\"6a7d7e0\" data-element_type=\"section\" data-e-type=\"section\">\n\t\t\t\t\t\t<div class=\"elementor-container elementor-column-gap-default\">\n\t\t\t\t\t<div class=\"elementor-column elementor-col-100 elementor-top-column elementor-element elementor-element-5f2975f\" data-id=\"5f2975f\" data-element_type=\"column\" data-e-type=\"column\">\n\t\t\t<div class=\"elementor-widget-wrap elementor-element-populated\">\n\t\t\t\t\t\t<div class=\"elementor-element elementor-element-afa1613 elementor-widget elementor-widget-heading\" data-id=\"afa1613\" data-element_type=\"widget\" data-e-type=\"widget\" data-widget_type=\"heading.default\">\n\t\t\t\t<div class=\"elementor-widget-container\">\n\t\t\t\t\t<h3 class=\"elementor-heading-title elementor-size-default\">Na\u0161a tradicija<\/h3>\t\t\t\t<\/div>\n\t\t\t\t<\/div>\n\t\t\t\t<section class=\"elementor-section elementor-inner-section elementor-element elementor-element-5c8b133 elementor-section-boxed elementor-section-height-default elementor-section-height-default\" data-id=\"5c8b133\" data-element_type=\"section\" data-e-type=\"section\">\n\t\t\t\t\t\t<div class=\"elementor-container elementor-column-gap-default\">\n\t\t\t\t\t<div class=\"elementor-column elementor-col-50 elementor-inner-column elementor-element elementor-element-376b85b\" data-id=\"376b85b\" data-element_type=\"column\" data-e-type=\"column\">\n\t\t\t<div class=\"elementor-widget-wrap elementor-element-populated\">\n\t\t\t\t\t\t<div class=\"elementor-element elementor-element-c97a66a elementor-widget elementor-widget-image\" data-id=\"c97a66a\" data-element_type=\"widget\" data-e-type=\"widget\" data-widget_type=\"image.default\">\n\t\t\t\t<div class=\"elementor-widget-container\">\n\t\t\t\t\t\t\t\t\t\t\t\t\t\t\t<img fetchpriority=\"high\" decoding=\"async\" width=\"800\" height=\"600\" src=\"https:\/\/filigranbutuci.hr\/wp-content\/uploads\/2021\/04\/obt1536x1152.jpg\" class=\"attachment-large size-large wp-image-723\" alt=\"\" srcset=\"https:\/\/filigranbutuci.hr\/wp-content\/uploads\/2021\/04\/obt1536x1152.jpg 800w, https:\/\/filigranbutuci.hr\/wp-content\/uploads\/2021\/04\/obt1536x1152-300x225.jpg 300w, https:\/\/filigranbutuci.hr\/wp-content\/uploads\/2021\/04\/obt1536x1152-768x576.jpg 768w, https:\/\/filigranbutuci.hr\/wp-content\/uploads\/2021\/04\/obt1536x1152-16x12.jpg 16w\" sizes=\"(max-width: 800px) 100vw, 800px\" \/>\t\t\t\t\t\t\t\t\t\t\t\t\t\t\t<\/div>\n\t\t\t\t<\/div>\n\t\t\t\t\t<\/div>\n\t\t<\/div>\n\t\t\t\t<div class=\"elementor-column elementor-col-50 elementor-inner-column elementor-element elementor-element-80d023d\" data-id=\"80d023d\" data-element_type=\"column\" data-e-type=\"column\">\n\t\t\t<div class=\"elementor-widget-wrap elementor-element-populated\">\n\t\t\t\t\t\t<div class=\"elementor-element elementor-element-79162c3 elementor-drop-cap-yes elementor-drop-cap-view-default elementor-widget elementor-widget-text-editor\" data-id=\"79162c3\" data-element_type=\"widget\" data-e-type=\"widget\" data-settings=\"{&quot;drop_cap&quot;:&quot;yes&quot;}\" data-widget_type=\"text-editor.default\">\n\t\t\t\t<div class=\"elementor-widget-container\">\n\t\t\t\t\t\t\t\t\t<p>Obitelj profesionalnih zlatara, u ovu danas itekako pitoresknu ku\u0107u, ulazi 1950. godine kada gospodin Anton Butu\u0107i radnju u prizemlju  preuzima od onda\u0161njeg urara (Chiurco) za kojeg se pretpostavlja da je u njoj radio jo\u0161 od samih po\u010detaka dvadesetog stolje\u0107a. Paralelno u to vrijeme Anton Butu\u0107i postaje i prvim vlasnikom obrtnice s rednim brojem 1. kojemu se izdaje dozvola za rad u filigranskoj radnji. Nakon Antona, rad u zlatarni preuzima njegov sin Augustin koji tijekom opremanja trgovine, na jednoj od polica, pronalazi upisanu godinu njenog postavljanja (1911), i koja se od tada uzima kao po\u010detna to\u010dka od koje se broje 'obrtni\u010dki' dani ovog malog, ali atraktivnog poslovnog prostora 's du\u0161om i srcem njenih prija\u0161njih vlasnika'. Upravo, tu je godinu Emanuel Butu\u0107i (tre\u0107a generacija obrtnika i zlatara) 'ugravirao' na drvenom pro\u010delju izloga sa \u017eeljom da se istakne opstojnost i kontinuitet jednog, danas pomalo arhai\u010dnog obrta koji je, zahvaljuju\u0107i generacijskom trudu jedne obitelji, ne samo opstao u gradu svete Eufemije nego ga je kroz kvalitetu proizvoda uspio i dodatno brendirati.<\/p>\t\t\t\t\t\t\t\t<\/div>\n\t\t\t\t<\/div>\n\t\t\t\t\t<\/div>\n\t\t<\/div>\n\t\t\t\t\t<\/div>\n\t\t<\/section>\n\t\t\t\t\t<\/div>\n\t\t<\/div>\n\t\t\t\t\t<\/div>\n\t\t<\/section>\n\t\t\t\t<\/div>","protected":false},"excerpt":{"rendered":"<p>Our tradition The family of professional goldsmiths entered this very picturesque house in 1950 when Mr. Anton Butu\u0107i took over the shop on the ground floor from the then watchmaker (Chiurco), who is believed to have worked there since the beginning of the twentieth century. At the same time, Anton Butu\u0107i became the first owner [&hellip;]<\/p>\n","protected":false},"author":1,"featured_media":0,"parent":0,"menu_order":0,"comment_status":"closed","ping_status":"closed","template":"","meta":{"site-sidebar-layout":"no-sidebar","site-content-layout":"page-builder","ast-site-content-layout":"default","site-content-style":"default","site-sidebar-style":"default","ast-global-header-display":"","ast-banner-title-visibility":"","ast-main-header-display":"","ast-hfb-above-header-display":"","ast-hfb-below-header-display":"","ast-hfb-mobile-header-display":"","site-post-title":"disabled","ast-breadcrumbs-content":"","ast-featured-img":"disabled","footer-sml-layout":"","ast-disable-related-posts":"","theme-transparent-header-meta":"default","adv-header-id-meta":"","stick-header-meta":"","header-above-stick-meta":"","header-main-stick-meta":"","header-below-stick-meta":"","astra-migrate-meta-layouts":"default","ast-page-background-enabled":"default","ast-page-background-meta":{"desktop":{"background-color":"","background-image":"","background-repeat":"repeat","background-position":"center center","background-size":"auto","background-attachment":"scroll","background-type":"","background-media":"","overlay-type":"","overlay-color":"","overlay-opacity":"","overlay-gradient":""},"tablet":{"background-color":"","background-image":"","background-repeat":"repeat","background-position":"center center","background-size":"auto","background-attachment":"scroll","background-type":"","background-media":"","overlay-type":"","overlay-color":"","overlay-opacity":"","overlay-gradient":""},"mobile":{"background-color":"","background-image":"","background-repeat":"repeat","background-position":"center center","background-size":"auto","background-attachment":"scroll","background-type":"","background-media":"","overlay-type":"","overlay-color":"","overlay-opacity":"","overlay-gradient":""}},"ast-content-background-meta":{"desktop":{"background-color":"var(--ast-global-color-5)","background-image":"","background-repeat":"repeat","background-position":"center center","background-size":"auto","background-attachment":"scroll","background-type":"","background-media":"","overlay-type":"","overlay-color":"","overlay-opacity":"","overlay-gradient":""},"tablet":{"background-color":"var(--ast-global-color-5)","background-image":"","background-repeat":"repeat","background-position":"center center","background-size":"auto","background-attachment":"scroll","background-type":"","background-media":"","overlay-type":"","overlay-color":"","overlay-opacity":"","overlay-gradient":""},"mobile":{"background-color":"var(--ast-global-color-5)","background-image":"","background-repeat":"repeat","background-position":"center center","background-size":"auto","background-attachment":"scroll","background-type":"","background-media":"","overlay-type":"","overlay-color":"","overlay-opacity":"","overlay-gradient":""}},"footnotes":""},"class_list":["post-23","page","type-page","status-publish","hentry"],"yoast_head":"<!-- This site is optimized with the Yoast SEO plugin v27.3 - https:\/\/yoast.com\/product\/yoast-seo-wordpress\/ -->\n<title>About - Filigran Butuci<\/title>\n<meta name=\"robots\" content=\"noindex, follow\" \/>\n<meta property=\"og:locale\" content=\"hr_HR\" \/>\n<meta property=\"og:type\" content=\"article\" \/>\n<meta property=\"og:title\" content=\"About - Filigran Butuci\" \/>\n<meta property=\"og:description\" content=\"Our tradition The family of professional goldsmiths entered this very picturesque house in 1950 when Mr. Anton Butu\u0107i took over the shop on the ground floor from the then watchmaker (Chiurco), who is believed to have worked there since the beginning of the twentieth century. At the same time, Anton Butu\u0107i became the first owner [&hellip;]\" \/>\n<meta property=\"og:url\" content=\"https:\/\/filigranbutuci.hr\/hr\/about\/\" \/>\n<meta property=\"og:site_name\" content=\"Filigran Butuci\" \/>\n<meta property=\"article:modified_time\" content=\"2021-04-02T20:03:47+00:00\" \/>\n<meta property=\"og:image\" content=\"https:\/\/filigranbutuci.hr\/wp-content\/uploads\/2021\/04\/obt1536x1152.jpg\" \/>\n<meta name=\"twitter:card\" content=\"summary_large_image\" \/>\n<meta name=\"twitter:label1\" content=\"Procijenjeno vrijeme \u010ditanja\" \/>\n\t<meta name=\"twitter:data1\" content=\"2 minute\" \/>\n<script type=\"application\/ld+json\" class=\"yoast-schema-graph\">{\"@context\":\"https:\\\/\\\/schema.org\",\"@graph\":[{\"@type\":\"WebPage\",\"@id\":\"https:\\\/\\\/filigranbutuci.hr\\\/about\\\/\",\"url\":\"https:\\\/\\\/filigranbutuci.hr\\\/about\\\/\",\"name\":\"About - Filigran Butuci\",\"isPartOf\":{\"@id\":\"https:\\\/\\\/filigranbutuci.hr\\\/#website\"},\"primaryImageOfPage\":{\"@id\":\"https:\\\/\\\/filigranbutuci.hr\\\/about\\\/#primaryimage\"},\"image\":{\"@id\":\"https:\\\/\\\/filigranbutuci.hr\\\/about\\\/#primaryimage\"},\"thumbnailUrl\":\"https:\\\/\\\/filigranbutuci.hr\\\/wp-content\\\/uploads\\\/2021\\\/04\\\/obt1536x1152.jpg\",\"datePublished\":\"2020-11-18T11:56:36+00:00\",\"dateModified\":\"2021-04-02T20:03:47+00:00\",\"breadcrumb\":{\"@id\":\"https:\\\/\\\/filigranbutuci.hr\\\/about\\\/#breadcrumb\"},\"inLanguage\":\"hr\",\"potentialAction\":[{\"@type\":\"ReadAction\",\"target\":[\"https:\\\/\\\/filigranbutuci.hr\\\/about\\\/\"]}]},{\"@type\":\"ImageObject\",\"inLanguage\":\"hr\",\"@id\":\"https:\\\/\\\/filigranbutuci.hr\\\/about\\\/#primaryimage\",\"url\":\"https:\\\/\\\/filigranbutuci.hr\\\/wp-content\\\/uploads\\\/2021\\\/04\\\/obt1536x1152.jpg\",\"contentUrl\":\"https:\\\/\\\/filigranbutuci.hr\\\/wp-content\\\/uploads\\\/2021\\\/04\\\/obt1536x1152.jpg\"},{\"@type\":\"BreadcrumbList\",\"@id\":\"https:\\\/\\\/filigranbutuci.hr\\\/about\\\/#breadcrumb\",\"itemListElement\":[{\"@type\":\"ListItem\",\"position\":1,\"name\":\"Home\",\"item\":\"https:\\\/\\\/filigranbutuci.hr\\\/\"},{\"@type\":\"ListItem\",\"position\":2,\"name\":\"About\"}]},{\"@type\":\"WebSite\",\"@id\":\"https:\\\/\\\/filigranbutuci.hr\\\/#website\",\"url\":\"https:\\\/\\\/filigranbutuci.hr\\\/\",\"name\":\"Filigran Butuci\",\"description\":\"Beautiful handmade filigran and jewellery. Unique brand\",\"publisher\":{\"@id\":\"https:\\\/\\\/filigranbutuci.hr\\\/#organization\"},\"potentialAction\":[{\"@type\":\"SearchAction\",\"target\":{\"@type\":\"EntryPoint\",\"urlTemplate\":\"https:\\\/\\\/filigranbutuci.hr\\\/?s={search_term_string}\"},\"query-input\":{\"@type\":\"PropertyValueSpecification\",\"valueRequired\":true,\"valueName\":\"search_term_string\"}}],\"inLanguage\":\"hr\"},{\"@type\":\"Organization\",\"@id\":\"https:\\\/\\\/filigranbutuci.hr\\\/#organization\",\"name\":\"Filigran Butuci\",\"url\":\"https:\\\/\\\/filigranbutuci.hr\\\/\",\"logo\":{\"@type\":\"ImageObject\",\"inLanguage\":\"hr\",\"@id\":\"https:\\\/\\\/filigranbutuci.hr\\\/#\\\/schema\\\/logo\\\/image\\\/\",\"url\":\"https:\\\/\\\/filigranbutuci.hr\\\/wp-content\\\/uploads\\\/2020\\\/11\\\/butuci-logo-homepage.png\",\"contentUrl\":\"https:\\\/\\\/filigranbutuci.hr\\\/wp-content\\\/uploads\\\/2020\\\/11\\\/butuci-logo-homepage.png\",\"width\":975,\"height\":608,\"caption\":\"Filigran Butuci\"},\"image\":{\"@id\":\"https:\\\/\\\/filigranbutuci.hr\\\/#\\\/schema\\\/logo\\\/image\\\/\"}}]}<\/script>\n<!-- \/ Yoast SEO plugin. -->","yoast_head_json":{"title":"About - Filigran Butuci","robots":{"index":"noindex","follow":"follow"},"og_locale":"hr_HR","og_type":"article","og_title":"About - Filigran Butuci","og_description":"Our tradition The family of professional goldsmiths entered this very picturesque house in 1950 when Mr. Anton Butu\u0107i took over the shop on the ground floor from the then watchmaker (Chiurco), who is believed to have worked there since the beginning of the twentieth century. At the same time, Anton Butu\u0107i became the first owner [&hellip;]","og_url":"https:\/\/filigranbutuci.hr\/hr\/about\/","og_site_name":"Filigran Butuci","article_modified_time":"2021-04-02T20:03:47+00:00","og_image":[{"url":"https:\/\/filigranbutuci.hr\/wp-content\/uploads\/2021\/04\/obt1536x1152.jpg","type":"","width":"","height":""}],"twitter_card":"summary_large_image","twitter_misc":{"Procijenjeno vrijeme \u010ditanja":"2 minute"},"schema":{"@context":"https:\/\/schema.org","@graph":[{"@type":"WebPage","@id":"https:\/\/filigranbutuci.hr\/about\/","url":"https:\/\/filigranbutuci.hr\/about\/","name":"About - Filigran Butuci","isPartOf":{"@id":"https:\/\/filigranbutuci.hr\/#website"},"primaryImageOfPage":{"@id":"https:\/\/filigranbutuci.hr\/about\/#primaryimage"},"image":{"@id":"https:\/\/filigranbutuci.hr\/about\/#primaryimage"},"thumbnailUrl":"https:\/\/filigranbutuci.hr\/wp-content\/uploads\/2021\/04\/obt1536x1152.jpg","datePublished":"2020-11-18T11:56:36+00:00","dateModified":"2021-04-02T20:03:47+00:00","breadcrumb":{"@id":"https:\/\/filigranbutuci.hr\/about\/#breadcrumb"},"inLanguage":"hr","potentialAction":[{"@type":"ReadAction","target":["https:\/\/filigranbutuci.hr\/about\/"]}]},{"@type":"ImageObject","inLanguage":"hr","@id":"https:\/\/filigranbutuci.hr\/about\/#primaryimage","url":"https:\/\/filigranbutuci.hr\/wp-content\/uploads\/2021\/04\/obt1536x1152.jpg","contentUrl":"https:\/\/filigranbutuci.hr\/wp-content\/uploads\/2021\/04\/obt1536x1152.jpg"},{"@type":"BreadcrumbList","@id":"https:\/\/filigranbutuci.hr\/about\/#breadcrumb","itemListElement":[{"@type":"ListItem","position":1,"name":"Home","item":"https:\/\/filigranbutuci.hr\/"},{"@type":"ListItem","position":2,"name":"About"}]},{"@type":"WebSite","@id":"https:\/\/filigranbutuci.hr\/#website","url":"https:\/\/filigranbutuci.hr\/","name":"Filigran Butuci","description":"Beautiful handmade filigran and jewellery. Unique brand","publisher":{"@id":"https:\/\/filigranbutuci.hr\/#organization"},"potentialAction":[{"@type":"SearchAction","target":{"@type":"EntryPoint","urlTemplate":"https:\/\/filigranbutuci.hr\/?s={search_term_string}"},"query-input":{"@type":"PropertyValueSpecification","valueRequired":true,"valueName":"search_term_string"}}],"inLanguage":"hr"},{"@type":"Organization","@id":"https:\/\/filigranbutuci.hr\/#organization","name":"Filigran Butuci","url":"https:\/\/filigranbutuci.hr\/","logo":{"@type":"ImageObject","inLanguage":"hr","@id":"https:\/\/filigranbutuci.hr\/#\/schema\/logo\/image\/","url":"https:\/\/filigranbutuci.hr\/wp-content\/uploads\/2020\/11\/butuci-logo-homepage.png","contentUrl":"https:\/\/filigranbutuci.hr\/wp-content\/uploads\/2020\/11\/butuci-logo-homepage.png","width":975,"height":608,"caption":"Filigran Butuci"},"image":{"@id":"https:\/\/filigranbutuci.hr\/#\/schema\/logo\/image\/"}}]}},"_links":{"self":[{"href":"https:\/\/filigranbutuci.hr\/hr\/wp-json\/wp\/v2\/pages\/23","targetHints":{"allow":["GET"]}}],"collection":[{"href":"https:\/\/filigranbutuci.hr\/hr\/wp-json\/wp\/v2\/pages"}],"about":[{"href":"https:\/\/filigranbutuci.hr\/hr\/wp-json\/wp\/v2\/types\/page"}],"author":[{"embeddable":true,"href":"https:\/\/filigranbutuci.hr\/hr\/wp-json\/wp\/v2\/users\/1"}],"replies":[{"embeddable":true,"href":"https:\/\/filigranbutuci.hr\/hr\/wp-json\/wp\/v2\/comments?post=23"}],"version-history":[{"count":38,"href":"https:\/\/filigranbutuci.hr\/hr\/wp-json\/wp\/v2\/pages\/23\/revisions"}],"predecessor-version":[{"id":726,"href":"https:\/\/filigranbutuci.hr\/hr\/wp-json\/wp\/v2\/pages\/23\/revisions\/726"}],"wp:attachment":[{"href":"https:\/\/filigranbutuci.hr\/hr\/wp-json\/wp\/v2\/media?parent=23"}],"curies":[{"name":"wp","href":"https:\/\/api.w.org\/{rel}","templated":true}]}}